{"id":643,"date":"2025-04-07T15:35:44","date_gmt":"2025-04-07T15:35:44","guid":{"rendered":"https:\/\/www.ag-yachtlogistic.com\/cms\/startseite-english\/"},"modified":"2025-04-07T16:43:07","modified_gmt":"2025-04-07T16:43:07","slug":"startseite-en","status":"publish","type":"page","link":"https:\/\/www.ag-yachtlogistic.com\/cms\/en\/startseite-en\/","title":{"rendered":"Start &#8211; [EN]"},"content":{"rendered":"\n<div class=\"wp-block-essential-blocks-call-to-action  root-eb-call-to-action-llaen\"><div class=\"eb-parent-wrapper eb-parent-eb-call-to-action-llaen \"><div class=\"eb-cia-wrapper eb-call-to-action-llaen\" data-icon=\"fab fa-accusoft\"><div class=\"eb-cia-text-wrapper\"><i class=\"fab fa-accusoft eb-cia-icon\" icon=\"fab fa-accusoft\"><\/i><h2 class=\"eb-cia-title\">Transport &amp; Logistik<\/h2><p class=\"eb-cia-description\">Yacht transfers including all processes &#8211;<br>your ship safely and promptly to another location.<br><\/p><\/div><div class=\"eb-cia-button-wrapper\"><a href=\"https:\/\/www.ag-yachtlogistic.com\/cms\/anfrage\/\" target=\"_self\" rel=\"noopener\"><div class=\"eb-cia-button is-large hvr-pop\"><strong>Request your personal offer!<\/strong><\/div><\/a><\/div><\/div><\/div><\/div>\n\n\n\n<div class=\"wp-block-columns is-layout-flex wp-container-core-columns-is-layout-1 wp-block-columns-is-layout-flex\" id=\"leistung\">\n<div class=\"wp-block-column is-layout-flow wp-block-column-is-layout-flow\">\n<div class=\"wp-block-essential-blocks-infobox  root-eb-infobox-njknm\"><div class=\"eb-parent-wrapper eb-parent-eb-infobox-njknm \"><div class=\"eb-infobox-njknm eb-infobox-wrapper\"><div class=\"infobox-wrapper-inner\"><div class=\"icon-img-wrapper\"><div class=\"eb-icon number-or-icon\"><i icon=\"fas fa-ship\" class=\"fas fa-ship eb-infobox-icon-data-selector\"><\/i><\/div><\/div><div class=\"contents-wrapper\"><h2 class=\"title\">Yacht transfers<\/h2><p class=\"description\">Service for boat owners who want to have their vessels transported safely, quickly and reliably to another location.<\/p><\/div><\/div><\/div><\/div><\/div>\n<\/div>\n\n\n\n<div class=\"wp-block-column is-layout-flow wp-block-column-is-layout-flow\">\n<div class=\"wp-block-essential-blocks-infobox  root-eb-infobox-ouu63\"><div class=\"eb-parent-wrapper eb-parent-eb-infobox-ouu63 \"><div class=\"eb-infobox-ouu63 eb-infobox-wrapper\"><div class=\"infobox-wrapper-inner\"><div class=\"icon-img-wrapper\"><div class=\"eb-icon number-or-icon\"><i icon=\"fas fa-anchor\" class=\"fas fa-anchor eb-infobox-icon-data-selector\"><\/i><\/div><\/div><div class=\"contents-wrapper\"><h2 class=\"title\">Port logistics<\/h2><p class=\"description\">The service includes all processes and activities required for the smooth execution of the order.<\/p><\/div><\/div><\/div><\/div><\/div>\n<\/div>\n<\/div>\n\n\n\n<div class=\"wp-block-columns is-layout-flex wp-container-core-columns-is-layout-2 wp-block-columns-is-layout-flex\">\n<div class=\"wp-block-column is-layout-flow wp-block-column-is-layout-flow\">\n<div class=\"wp-block-essential-blocks-infobox  root-eb-infobox-8qz2i\"><div class=\"eb-parent-wrapper eb-parent-eb-infobox-8qz2i \"><div class=\"eb-infobox-8qz2i eb-infobox-wrapper\"><div class=\"infobox-wrapper-inner\"><div class=\"icon-img-wrapper\"><div class=\"eb-icon number-or-icon\"><i icon=\"fas fa-toolbox\" class=\"fas fa-toolbox eb-infobox-icon-data-selector\"><\/i><\/div><\/div><div class=\"contents-wrapper\"><h2 class=\"title\">Schiffsbetreuung<\/h2><p class=\"description\">Organisation und Koordination von Personalressourcen, um sicherzustellen, dass die richtige Person zur richtigen Zeit am richtigen Ort ist, f\u00fcr eine effiziente und erfolgreiche Durchf\u00fchrung.<\/p><\/div><\/div><\/div><\/div><\/div>\n<\/div>\n\n\n\n<div class=\"wp-block-column is-layout-flow wp-block-column-is-layout-flow\">\n<div class=\"wp-block-essential-blocks-infobox  root-eb-infobox-dzy7x\"><div class=\"eb-parent-wrapper eb-parent-eb-infobox-dzy7x \"><div class=\"eb-infobox-dzy7x eb-infobox-wrapper\"><div class=\"infobox-wrapper-inner\"><div class=\"icon-img-wrapper\"><div class=\"eb-icon number-or-icon\"><i icon=\"fas fa-people-group\" class=\"fas fa-people-group eb-infobox-icon-data-selector\"><\/i><\/div><\/div><div class=\"contents-wrapper\"><h2 class=\"title\">Crew Management<\/h2><p class=\"description\">Die Abwicklung von Versicherungsf\u00e4llen erfordert eine genaue Pr\u00fcfung der Anspr\u00fcche und eine effiziente Kommunikation zwischen Versicherungsnehmer und Versicherungsgesellschaft.<br>F\u00fcr Schadensf\u00e4lle haben wir anerkannte Gutachter mit denen wir zusammenarbeiten.<br>F\u00fcr internationale Klagen in Seerecht, arbeiten wir seit Jahren erfolgreich mit einer Kanzlei zusammen.\u00a0<\/p><\/div><\/div><\/div><\/div><\/div>\n<\/div>\n<\/div>\n\n\n\n<div class=\"wp-block-columns is-layout-flex wp-container-core-columns-is-layout-3 wp-block-columns-is-layout-flex\">\n<div class=\"wp-block-column is-layout-flow wp-block-column-is-layout-flow\">\n<div class=\"wp-block-essential-blocks-infobox  root-eb-infobox-67bk6\"><div class=\"eb-parent-wrapper eb-parent-eb-infobox-67bk6 \"><div class=\"eb-infobox-67bk6 eb-infobox-wrapper\"><div class=\"infobox-wrapper-inner\"><div class=\"icon-img-wrapper\"><div class=\"eb-icon number-or-icon\"><i icon=\"fas fa-shield-halved\" class=\"fas fa-shield-halved eb-infobox-icon-data-selector\"><\/i><\/div><\/div><div class=\"contents-wrapper\"><h2 class=\"title\">Versicherung<\/h2><p class=\"description\">Die Abwicklung von Versicherungsf\u00e4llen erfordert eine genaue Pr\u00fcfung der Anspr\u00fcche und eine effiziente Kommunikation zwischen Versicherungsnehmer und Versicherungsgesellschaft.<br><br>F\u00fcr Schadensf\u00e4lle haben wir anerkannte Gutachter mit denen wir zusammenarbeiten.<br><br>F\u00fcr internationale Klagen in Seerecht, haben wir ein eine Kanzlei mit der wir seit Jahren zusammenarbeiten.\u00a0<\/p><\/div><\/div><\/div><\/div><\/div>\n<\/div>\n\n\n\n<div class=\"wp-block-column is-layout-flow wp-block-column-is-layout-flow\">\n<div class=\"wp-block-essential-blocks-infobox  root-eb-infobox-v6l0y\"><div class=\"eb-parent-wrapper eb-parent-eb-infobox-v6l0y \"><div class=\"eb-infobox-v6l0y eb-infobox-wrapper\"><div class=\"infobox-wrapper-inner\"><div class=\"icon-img-wrapper\"><div class=\"eb-icon number-or-icon\"><i icon=\"fas fa-newspaper\" class=\"fas fa-newspaper eb-infobox-icon-data-selector\"><\/i><\/div><\/div><div class=\"contents-wrapper\"><h2 class=\"title\">Agenturleistungen<\/h2><p class=\"description\">Agenturen bieten umfassende Dienstleistungen rund um die Abwicklung von Schiffs- und Frachtauftr\u00e4gen, Liegepl\u00e4tze und Diesel reservieren, Lieferadresse f\u00fcr eventuelle Ersatzteile, An- und Verkaufsvertr\u00e4ge, l\u00f6schen von Flaggen Zertifikaten oder den Flaggenwechsel eines Schiffes an.<br><br>Wir machen je nach Notwendigkeit und Absprache, gebrauch von Agenturen um Zeitpl\u00e4ne besser zu koordinieren.<br>Zum Beispiel f\u00fcr Gemischte Fahrten wie,<br>\u00fcber Kan\u00e4le zur See und \u00fcber See zum Verladeplatz oder umgekehrt. Flaggenwechsel etc.\u00a0<\/p><\/div><\/div><\/div><\/div><\/div>\n<\/div>\n<\/div>\n\n\n\n<div class=\"wp-block-essential-blocks-button  root-eb-button-cz3tn\" id=\"team\"><div class=\"eb-parent-wrapper eb-parent-eb-button-cz3tn \"><div class=\"eb-button-wrapper eb-button-alignment eb-button-cz3tn\"><div class=\"eb-button\"><div class=\"eb-button-inner-wrapper \"><a class=\"eb-button-anchor \" href=\"https:\/\/www.ag-yachtlogistic.com\/cms\/anfrage\/\" rel=\"noopener\"><strong>Fordern Sie Ihre pers\u00f6nliches Angebot an!<\/strong><\/a><\/div><\/div><\/div><\/div><\/div>\n\n\n\n<div class=\"wp-block-columns is-layout-flex wp-container-core-columns-is-layout-4 wp-block-columns-is-layout-flex\">\n<div class=\"wp-block-column is-layout-flow wp-block-column-is-layout-flow\" style=\"flex-basis:50%\">\n<div class=\"wp-block-essential-blocks-team-member  root-eb-team-member-ihtab\"><div class=\"eb-parent-wrapper eb-parent-eb-team-member-ihtab \"><div class=\"eb-team-member-ihtab eb-team-wrapper preset1  \"><div class=\"eb-team-inner\"><div class=\"eb-team-member-image\"><img decoding=\"async\" class=\"eb-team-member-avatar\" src=\"http:\/\/www.ag-yachtlogistic.com\/cms\/wp-content\/uploads\/2025\/03\/AdG_650x650-150x150-1.jpg\" alt=\"Armando de Gregori\"\/><\/div><div class=\"eb-team-member-contents\"><div class=\"eb-team-member-texts\"><h3 class=\"eb-team-member-name\">Armando de Gregori<\/h3><h4 class=\"eb-team-member-job-title\">Captain &amp; CEO<\/h4><hr class=\"eb-team-member-content-separator\"\/><p class=\"eb-team-member-description\">Seit 1978 auf See.<br>Fr\u00fcher Segel-\/Surflehrer, Dive-master, heute Kapit\u00e4n von Superyachten unter Segeln und Motor bis 350 GT commercial Yachtmaster und 500 GT OOW.<\/p><\/div><\/div><\/div><\/div><\/div><\/div>\n<\/div>\n\n\n\n<div class=\"wp-block-column is-layout-flow wp-block-column-is-layout-flow\" style=\"flex-basis:50%\">\n<div class=\"wp-block-essential-blocks-team-member  root-eb-team-member-757wc\"><div class=\"eb-parent-wrapper eb-parent-eb-team-member-757wc \"><div class=\"eb-team-member-757wc eb-team-wrapper preset1  \"><div class=\"eb-team-inner\"><div class=\"eb-team-member-image\"><img decoding=\"async\" class=\"eb-team-member-avatar\" src=\"http:\/\/www.ag-yachtlogistic.com\/cms\/wp-content\/uploads\/2025\/03\/Fabio_650x650-150x150-1.jpg\" alt=\"Fabio\"\/><\/div><div class=\"eb-team-member-contents\"><div class=\"eb-team-member-texts\"><h3 class=\"eb-team-member-name\">Fabio<\/h3><h4 class=\"eb-team-member-job-title\">Seemann &#038; Koch<\/h4><hr class=\"eb-team-member-content-separator\"\/><\/div><\/div><\/div><\/div><\/div><\/div>\n<\/div>\n<\/div>\n\n\n\n<div class=\"wp-block-columns is-layout-flex wp-container-core-columns-is-layout-5 wp-block-columns-is-layout-flex\">\n<div class=\"wp-block-column is-layout-flow wp-block-column-is-layout-flow\" style=\"flex-basis:50%\">\n<div class=\"wp-block-essential-blocks-team-member  root-eb-team-member-5i0x7\"><div class=\"eb-parent-wrapper eb-parent-eb-team-member-5i0x7 \"><div class=\"eb-team-member-5i0x7 eb-team-wrapper preset1  \"><div class=\"eb-team-inner\"><div class=\"eb-team-member-image\"><img decoding=\"async\" class=\"eb-team-member-avatar\" src=\"http:\/\/www.ag-yachtlogistic.com\/cms\/wp-content\/uploads\/2025\/03\/Rini_650x650-150x150-1.jpg\" alt=\"Rini\"\/><\/div><div class=\"eb-team-member-contents\"><div class=\"eb-team-member-texts\"><h3 class=\"eb-team-member-name\">Rini<\/h3><h4 class=\"eb-team-member-job-title\">Tall Ship Kapit\u00e4n<\/h4><hr class=\"eb-team-member-content-separator\"\/><p class=\"eb-team-member-description\">Gro\u00dfsegler, <br>mehrmastige Segelschiffe, Windjammer<\/p><\/div><\/div><\/div><\/div><\/div><\/div>\n<\/div>\n\n\n\n<div class=\"wp-block-column is-layout-flow wp-block-column-is-layout-flow\" style=\"flex-basis:50%\">\n<div class=\"wp-block-essential-blocks-team-member  root-eb-team-member-4hq1r\"><div class=\"eb-parent-wrapper eb-parent-eb-team-member-4hq1r \"><div class=\"eb-team-member-4hq1r eb-team-wrapper preset1  \"><div class=\"eb-team-inner\"><div class=\"eb-team-member-image\"><img decoding=\"async\" class=\"eb-team-member-avatar\" src=\"http:\/\/www.ag-yachtlogistic.com\/cms\/wp-content\/uploads\/2025\/03\/Drako_650x650-150x150-1.jpg\" alt=\"Drako\"\/><\/div><div class=\"eb-team-member-contents\"><div class=\"eb-team-member-texts\"><h3 class=\"eb-team-member-name\">Drako<\/h3><h4 class=\"eb-team-member-job-title\">Treuer Begleiter<\/h4><hr class=\"eb-team-member-content-separator\"\/><\/div><\/div><\/div><\/div><\/div><\/div>\n<\/div>\n<\/div>\n\n\n\n<div class=\"wp-block-columns is-layout-flex wp-container-core-columns-is-layout-6 wp-block-columns-is-layout-flex\">\n<div class=\"wp-block-column is-layout-flow wp-block-column-is-layout-flow\" style=\"flex-basis:50%\">\n<div class=\"wp-block-essential-blocks-team-member  root-eb-team-member-m9nlk\"><div class=\"eb-parent-wrapper eb-parent-eb-team-member-m9nlk \"><div class=\"eb-team-member-m9nlk eb-team-wrapper preset1  \"><div class=\"eb-team-inner\"><div class=\"eb-team-member-image\"><img decoding=\"async\" class=\"eb-team-member-avatar\" src=\"http:\/\/www.ag-yachtlogistic.com\/cms\/wp-content\/uploads\/2025\/03\/tailor_650x650.jpg\" alt=\"Taylor\"\/><\/div><div class=\"eb-team-member-contents\"><div class=\"eb-team-member-texts\"><h3 class=\"eb-team-member-name\">Taylor<\/h3><h4 class=\"eb-team-member-job-title\">made for you<\/h4><hr class=\"eb-team-member-content-separator\"\/><p class=\"eb-team-member-description\">Mechaniker, Elektriker, Sattler, Seeleute,\u00a0<br>You-Name-It<\/p><\/div><\/div><\/div><\/div><\/div><\/div>\n<\/div>\n\n\n\n<div class=\"wp-block-column is-layout-flow wp-block-column-is-layout-flow\" style=\"flex-basis:50%\">\n<div class=\"wp-block-essential-blocks-team-member  root-eb-team-member-shz9z\"><div class=\"eb-parent-wrapper eb-parent-eb-team-member-shz9z \"><div class=\"eb-team-member-shz9z eb-team-wrapper preset1  \"><div class=\"eb-team-inner\"><div class=\"eb-team-member-image\"><img decoding=\"async\" class=\"eb-team-member-avatar\" src=\"http:\/\/www.ag-yachtlogistic.com\/cms\/wp-content\/uploads\/2025\/03\/seagull_650x650-1.jpg\" alt=\"Sandro\"\/><\/div><div class=\"eb-team-member-contents\"><div class=\"eb-team-member-texts\"><h3 class=\"eb-team-member-name\">Sandro<\/h3><h4 class=\"eb-team-member-job-title\">Kapit\u00e4n 1300GT<\/h4><hr class=\"eb-team-member-content-separator\"\/><p class=\"eb-team-member-description\">Jolly Rogers<\/p><\/div><\/div><\/div><\/div><\/div><\/div>\n<\/div>\n<\/div>\n\n\n\n<p><\/p>\n\n\n\n<div class=\"wp-block-essential-blocks-slider  root-eb-slider-lnktw\"><div class=\"eb-parent-wrapper eb-parent-eb-slider-lnktw \"><div class=\"eb-slider-wrapper eb-slider-lnktw\" data-blockid=\"eb-slider-lnktw\" data-version=\"v4\" data-settings=\"eyJhcnJvd3MiOnRydWUsImFkYXB0aXZlSGVpZ2h0Ijp0cnVlLCJhdXRvcGxheSI6dHJ1ZSwiYXV0b3BsYXlTcGVlZCI6MzAwMCwiZG90cyI6dHJ1ZSwiZmFkZSI6ZmFsc2UsImluZmluaXRlIjp0cnVlLCJwYXVzZU9uSG92ZXIiOnRydWUsInNsaWRlc1RvU2hvdyI6MSwic3BlZWQiOjUwMCwidmVydGljYWwiOmZhbHNlLCJjdXJyZW50U2xpZGUiOjAsInJ0bCI6ZmFsc2UsInJlc3BvbnNpdmUiOlt7ImJyZWFrcG9pbnQiOjEwMjUsInNldHRpbmdzIjp7InNsaWRlc1RvU2hvdyI6MX19LHsiYnJlYWtwb2ludCI6NzY3LCJzZXR0aW5ncyI6eyJzbGlkZXNUb1Nob3ciOjF9fV19\" data-arrownexticon=\"fas fa-arrow-alt-circle-right\" data-arrowprevicon=\"fas fa-arrow-alt-circle-left\" data-lightbox=\"false\"><div class=\"eb-slider-init eb-slider-type-image\"><div class=\"eb-slider-item content-1\" data-src=\"http:\/\/www.ag-yachtlogistic.com\/cms\/wp-content\/uploads\/2025\/04\/IMG_1217.webp\"><div><img class=\"eb-slider-image\" data-lazy=\"http:\/\/www.ag-yachtlogistic.com\/cms\/wp-content\/uploads\/2025\/04\/IMG_1217.webp\"\/><\/div><\/div><div class=\"eb-slider-item content-1\" data-src=\"http:\/\/www.ag-yachtlogistic.com\/cms\/wp-content\/uploads\/2025\/04\/IMG_0716.webp\"><div><img class=\"eb-slider-image\" data-lazy=\"http:\/\/www.ag-yachtlogistic.com\/cms\/wp-content\/uploads\/2025\/04\/IMG_0716.webp\"\/><\/div><\/div><div class=\"eb-slider-item content-1\" data-src=\"http:\/\/www.ag-yachtlogistic.com\/cms\/wp-content\/uploads\/2025\/04\/Flawless-Navi.webp\"><div><img class=\"eb-slider-image\" data-lazy=\"http:\/\/www.ag-yachtlogistic.com\/cms\/wp-content\/uploads\/2025\/04\/Flawless-Navi.webp\"\/><\/div><\/div><div class=\"eb-slider-item content-1\" data-src=\"http:\/\/www.ag-yachtlogistic.com\/cms\/wp-content\/uploads\/2025\/04\/Alibi-Lavrion.webp\"><div><img class=\"eb-slider-image\" data-lazy=\"http:\/\/www.ag-yachtlogistic.com\/cms\/wp-content\/uploads\/2025\/04\/Alibi-Lavrion.webp\"\/><\/div><\/div><div class=\"eb-slider-item content-1\" data-src=\"http:\/\/www.ag-yachtlogistic.com\/cms\/wp-content\/uploads\/2025\/04\/AlaSola.webp\"><div><img class=\"eb-slider-image\" data-lazy=\"http:\/\/www.ag-yachtlogistic.com\/cms\/wp-content\/uploads\/2025\/04\/AlaSola.webp\"\/><\/div><\/div><div class=\"eb-slider-item content-1\" data-src=\"http:\/\/www.ag-yachtlogistic.com\/cms\/wp-content\/uploads\/2025\/04\/AdG-Swan.webp\"><div><img class=\"eb-slider-image\" data-lazy=\"http:\/\/www.ag-yachtlogistic.com\/cms\/wp-content\/uploads\/2025\/04\/AdG-Swan.webp\"\/><\/div><\/div><div class=\"eb-slider-item content-1\" data-src=\"http:\/\/www.ag-yachtlogistic.com\/cms\/wp-content\/uploads\/2025\/04\/20211101_123015.webp\"><div><img class=\"eb-slider-image\" data-lazy=\"http:\/\/www.ag-yachtlogistic.com\/cms\/wp-content\/uploads\/2025\/04\/20211101_123015.webp\"\/><\/div><\/div><div class=\"eb-slider-item content-1\" data-src=\"http:\/\/www.ag-yachtlogistic.com\/cms\/wp-content\/uploads\/2025\/04\/20200723_182122.webp\"><div><img class=\"eb-slider-image\" data-lazy=\"http:\/\/www.ag-yachtlogistic.com\/cms\/wp-content\/uploads\/2025\/04\/20200723_182122.webp\"\/><\/div><\/div><div class=\"eb-slider-item content-1\" data-src=\"http:\/\/www.ag-yachtlogistic.com\/cms\/wp-content\/uploads\/2025\/04\/20171213_142219.webp\"><div><img class=\"eb-slider-image\" data-lazy=\"http:\/\/www.ag-yachtlogistic.com\/cms\/wp-content\/uploads\/2025\/04\/20171213_142219.webp\"\/><\/div><\/div><div class=\"eb-slider-item content-1\" data-src=\"http:\/\/www.ag-yachtlogistic.com\/cms\/wp-content\/uploads\/2025\/04\/Alibi-Lavrion-1.webp\"><div><img class=\"eb-slider-image\" data-lazy=\"http:\/\/www.ag-yachtlogistic.com\/cms\/wp-content\/uploads\/2025\/04\/Alibi-Lavrion-1.webp\"\/><\/div><\/div><div class=\"eb-slider-item content-1\" data-src=\"http:\/\/www.ag-yachtlogistic.com\/cms\/wp-content\/uploads\/2025\/04\/GY-workshop.webp\"><div><img class=\"eb-slider-image\" data-lazy=\"http:\/\/www.ag-yachtlogistic.com\/cms\/wp-content\/uploads\/2025\/04\/GY-workshop.webp\"\/><\/div><\/div><div class=\"eb-slider-item content-1\" data-src=\"http:\/\/www.ag-yachtlogistic.com\/cms\/wp-content\/uploads\/2025\/04\/IMG_20200305_063844.webp\"><div><img class=\"eb-slider-image\" data-lazy=\"http:\/\/www.ag-yachtlogistic.com\/cms\/wp-content\/uploads\/2025\/04\/IMG_20200305_063844.webp\"\/><\/div><\/div><div class=\"eb-slider-item content-1\" data-src=\"http:\/\/www.ag-yachtlogistic.com\/cms\/wp-content\/uploads\/2025\/04\/IMG_20200524_160700.webp\"><div><img class=\"eb-slider-image\" data-lazy=\"http:\/\/www.ag-yachtlogistic.com\/cms\/wp-content\/uploads\/2025\/04\/IMG_20200524_160700.webp\"\/><\/div><\/div><div class=\"eb-slider-item content-1\" data-src=\"http:\/\/www.ag-yachtlogistic.com\/cms\/wp-content\/uploads\/2025\/04\/IMG_20200701_092805.webp\"><div><img class=\"eb-slider-image\" data-lazy=\"http:\/\/www.ag-yachtlogistic.com\/cms\/wp-content\/uploads\/2025\/04\/IMG_20200701_092805.webp\"\/><\/div><\/div><div class=\"eb-slider-item content-1\" data-src=\"http:\/\/www.ag-yachtlogistic.com\/cms\/wp-content\/uploads\/2025\/04\/IMG_20200701_111046.webp\"><div><img class=\"eb-slider-image\" data-lazy=\"http:\/\/www.ag-yachtlogistic.com\/cms\/wp-content\/uploads\/2025\/04\/IMG_20200701_111046.webp\"\/><\/div><\/div><div class=\"eb-slider-item content-1\" data-src=\"http:\/\/www.ag-yachtlogistic.com\/cms\/wp-content\/uploads\/2025\/04\/IMG-20200114-WA0004.webp\"><div><img class=\"eb-slider-image\" data-lazy=\"http:\/\/www.ag-yachtlogistic.com\/cms\/wp-content\/uploads\/2025\/04\/IMG-20200114-WA0004.webp\"\/><\/div><\/div><div class=\"eb-slider-item content-1\" data-src=\"http:\/\/www.ag-yachtlogistic.com\/cms\/wp-content\/uploads\/2025\/04\/IMG-20200601-WA0098.webp\"><div><img class=\"eb-slider-image\" data-lazy=\"http:\/\/www.ag-yachtlogistic.com\/cms\/wp-content\/uploads\/2025\/04\/IMG-20200601-WA0098.webp\"\/><\/div><\/div><div class=\"eb-slider-item content-1\" data-src=\"http:\/\/www.ag-yachtlogistic.com\/cms\/wp-content\/uploads\/2025\/04\/IMG-20200619-WA0001.webp\"><div><img class=\"eb-slider-image\" data-lazy=\"http:\/\/www.ag-yachtlogistic.com\/cms\/wp-content\/uploads\/2025\/04\/IMG-20200619-WA0001.webp\"\/><\/div><\/div><div class=\"eb-slider-item content-1\" data-src=\"http:\/\/www.ag-yachtlogistic.com\/cms\/wp-content\/uploads\/2025\/04\/Le-Guivineq.webp\"><div><img class=\"eb-slider-image\" data-lazy=\"http:\/\/www.ag-yachtlogistic.com\/cms\/wp-content\/uploads\/2025\/04\/Le-Guivineq.webp\"\/><\/div><\/div><div class=\"eb-slider-item content-1\" data-src=\"http:\/\/www.ag-yachtlogistic.com\/cms\/wp-content\/uploads\/2025\/04\/RP-IJM.webp\"><div><img class=\"eb-slider-image\" data-lazy=\"http:\/\/www.ag-yachtlogistic.com\/cms\/wp-content\/uploads\/2025\/04\/RP-IJM.webp\"\/><\/div><\/div><div class=\"eb-slider-item content-1\" data-src=\"http:\/\/www.ag-yachtlogistic.com\/cms\/wp-content\/uploads\/2025\/04\/SS60-arbatax-elica.webp\"><div><img class=\"eb-slider-image\" data-lazy=\"http:\/\/www.ag-yachtlogistic.com\/cms\/wp-content\/uploads\/2025\/04\/SS60-arbatax-elica.webp\"\/><\/div><\/div><\/div><\/div><\/div><\/div>\n\n\n\n<div class=\"wp-block-essential-blocks-call-to-action  root-eb-call-to-action-t28gm\"><div class=\"eb-parent-wrapper eb-parent-eb-call-to-action-t28gm \"><div class=\"eb-cia-wrapper eb-call-to-action-t28gm\" data-icon=\"fab fa-accusoft\"><div class=\"eb-cia-text-wrapper\"><i class=\"fab fa-accusoft eb-cia-icon\" icon=\"fab fa-accusoft\"><\/i><h3 class=\"eb-cia-title\">Tarnsport &amp; Logistik<\/h3><p class=\"eb-cia-description\">Wir bieten Yacht\u00fcberf\u00fchrungen inklusive aller Prozesse um Ihre Schiffe sicher und schnell an einen anderen Ort zu transportieren.<br>Kontaktieren Sie uns telefonisch unter: <br><strong>+49 151 585 953 54<\/strong> [DE] <br><strong>+31 638 448 387 <\/strong> [NL] <br><\/p><\/div><div class=\"eb-cia-button-wrapper\"><a href=\"\" target=\"_self\" rel=\"noopener\"><div class=\"eb-cia-button is-large\"><strong>Direkt Angebot anfragen<\/strong><\/div><\/a><\/div><\/div><\/div><\/div>\n\n\n\n<p><\/p>\n","protected":false},"excerpt":{"rendered":"","protected":false},"author":1,"featured_media":0,"parent":0,"menu_order":0,"comment_status":"closed","ping_status":"closed","template":"","meta":{"_eb_attr":"","footnotes":""},"class_list":["post-643","page","type-page","status-publish","hentry"],"_links":{"self":[{"href":"https:\/\/www.ag-yachtlogistic.com\/cms\/wp-json\/wp\/v2\/pages\/643","targetHints":{"allow":["GET"]}}],"collection":[{"href":"https:\/\/www.ag-yachtlogistic.com\/cms\/wp-json\/wp\/v2\/pages"}],"about":[{"href":"https:\/\/www.ag-yachtlogistic.com\/cms\/wp-json\/wp\/v2\/types\/page"}],"author":[{"embeddable":true,"href":"https:\/\/www.ag-yachtlogistic.com\/cms\/wp-json\/wp\/v2\/users\/1"}],"replies":[{"embeddable":true,"href":"https:\/\/www.ag-yachtlogistic.com\/cms\/wp-json\/wp\/v2\/comments?post=643"}],"version-history":[{"count":3,"href":"https:\/\/www.ag-yachtlogistic.com\/cms\/wp-json\/wp\/v2\/pages\/643\/revisions"}],"predecessor-version":[{"id":661,"href":"https:\/\/www.ag-yachtlogistic.com\/cms\/wp-json\/wp\/v2\/pages\/643\/revisions\/661"}],"wp:attachment":[{"href":"https:\/\/www.ag-yachtlogistic.com\/cms\/wp-json\/wp\/v2\/media?parent=643"}],"curies":[{"name":"wp","href":"https:\/\/api.w.org\/{rel}","templated":true}]}}