{"id":743,"date":"2025-04-08T08:17:56","date_gmt":"2025-04-08T08:17:56","guid":{"rendered":"https:\/\/www.ag-yachtlogistic.com\/cms\/?page_id=743"},"modified":"2025-04-08T08:37:30","modified_gmt":"2025-04-08T08:37:30","slug":"aufgabengebiet","status":"publish","type":"page","link":"https:\/\/www.ag-yachtlogistic.com\/cms\/aufgabengebiet\/","title":{"rendered":"Aufgabengebiet"},"content":{"rendered":"\n<p>AG Yachtlogistic bietet professionelle Dienstleistungen im Bereich internationaler \u00dcberf\u00fchrungen, Logistik und technischer Inspektionen f\u00fcr Yachten und Boote. Mit umfassendem Know-how und einem globalen Netzwerk sorgen wir f\u00fcr reibungslose Abl\u00e4ufe und h\u00f6chste Kundenzufriedenheit.<\/p>\n\n\n\n<div class=\"wp-block-columns is-layout-flex wp-container-core-columns-is-layout-1 wp-block-columns-is-layout-flex\">\n<div class=\"wp-block-column is-layout-flow wp-block-column-is-layout-flow\">\n<figure class=\"wp-block-image size-large has-custom-border is-style-sydney-rounded\"><img loading=\"lazy\" decoding=\"async\" width=\"1024\" height=\"768\" src=\"http:\/\/www.ag-yachtlogistic.com\/cms\/wp-content\/uploads\/2025\/04\/IMG_20200701_111046-1024x768.webp\" alt=\"\" class=\"wp-image-586\" style=\"border-style:none;border-width:0px;border-radius:8px\" srcset=\"https:\/\/www.ag-yachtlogistic.com\/cms\/wp-content\/uploads\/2025\/04\/IMG_20200701_111046-1024x768.webp 1024w, https:\/\/www.ag-yachtlogistic.com\/cms\/wp-content\/uploads\/2025\/04\/IMG_20200701_111046-300x225.webp 300w, https:\/\/www.ag-yachtlogistic.com\/cms\/wp-content\/uploads\/2025\/04\/IMG_20200701_111046-768x576.webp 768w, https:\/\/www.ag-yachtlogistic.com\/cms\/wp-content\/uploads\/2025\/04\/IMG_20200701_111046-1536x1152.webp 1536w, https:\/\/www.ag-yachtlogistic.com\/cms\/wp-content\/uploads\/2025\/04\/IMG_20200701_111046-1000x750.webp 1000w, https:\/\/www.ag-yachtlogistic.com\/cms\/wp-content\/uploads\/2025\/04\/IMG_20200701_111046-230x173.webp 230w, https:\/\/www.ag-yachtlogistic.com\/cms\/wp-content\/uploads\/2025\/04\/IMG_20200701_111046-350x263.webp 350w, https:\/\/www.ag-yachtlogistic.com\/cms\/wp-content\/uploads\/2025\/04\/IMG_20200701_111046-480x360.webp 480w, https:\/\/www.ag-yachtlogistic.com\/cms\/wp-content\/uploads\/2025\/04\/IMG_20200701_111046.webp 1920w\" sizes=\"auto, (max-width: 1024px) 100vw, 1024px\" \/><\/figure>\n<\/div>\n\n\n\n<div class=\"wp-block-column is-layout-flow wp-block-column-is-layout-flow\">\n<div class=\"wp-block-essential-blocks-text  root-eb-text-rwoe6\"><div class=\"eb-parent-wrapper eb-parent-eb-text-rwoe6 \"><div class=\"eb-text-wrapper eb-text-rwoe6\" data-id=\"eb-text-rwoe6\"><p class=\"eb-text\"><strong>Werften und Agenturen<\/strong><br>Verladung und Entladung von Booten auf Tieflader um diese zu transportieren.<br>Wir haben engen Kontakt zu Werften, Agenturen, Gel\u00e4nde und Transportfirmen in verschiedenen L\u00e4ndern.<br>Wir k\u00f6nnen uns um Krantermine und Liegepl\u00e4tze k\u00fcmmern.<br>F\u00fcr Refitting Projekte stehe ich ihnen gerne mit Beratung und Planung zur Seite.<br><br><br><br><\/p><\/div><\/div><\/div>\n<\/div>\n<\/div>\n\n\n\n<div class=\"wp-block-columns is-layout-flex wp-container-core-columns-is-layout-2 wp-block-columns-is-layout-flex\">\n<div class=\"wp-block-column is-layout-flow wp-block-column-is-layout-flow\">\n<div class=\"wp-block-essential-blocks-text  root-eb-text-3cec9\"><div class=\"eb-parent-wrapper eb-parent-eb-text-3cec9 \"><div class=\"eb-text-wrapper eb-text-3cec9\" data-id=\"eb-text-3cec9\"><p class=\"eb-text\"><strong>Transport von Yachten<\/strong><br>Verladung und Entladung von Booten als Schiffs Cargo um diese zu transportieren.<br>Wir stehen in kontinuierlichem Kontakt mit internationalen Transportfirmen.<br>Wir \u00fcbernehmen gerne den praktischen Teil der Operationen, das Verlegen und die Vorbereitungen von Anfang bis Ende.<\/p><\/div><\/div><\/div>\n<\/div>\n\n\n\n<div class=\"wp-block-column is-layout-flow wp-block-column-is-layout-flow\">\n<figure class=\"wp-block-image size-large has-custom-border is-style-sydney-rounded\"><img loading=\"lazy\" decoding=\"async\" width=\"1024\" height=\"577\" src=\"http:\/\/www.ag-yachtlogistic.com\/cms\/wp-content\/uploads\/2025\/04\/IMG-20200601-WA0098-1024x577.webp\" alt=\"\" class=\"wp-image-588\" style=\"border-radius:8px\" srcset=\"https:\/\/www.ag-yachtlogistic.com\/cms\/wp-content\/uploads\/2025\/04\/IMG-20200601-WA0098-1024x577.webp 1024w, https:\/\/www.ag-yachtlogistic.com\/cms\/wp-content\/uploads\/2025\/04\/IMG-20200601-WA0098-300x169.webp 300w, https:\/\/www.ag-yachtlogistic.com\/cms\/wp-content\/uploads\/2025\/04\/IMG-20200601-WA0098-768x432.webp 768w, https:\/\/www.ag-yachtlogistic.com\/cms\/wp-content\/uploads\/2025\/04\/IMG-20200601-WA0098-1536x865.webp 1536w, https:\/\/www.ag-yachtlogistic.com\/cms\/wp-content\/uploads\/2025\/04\/IMG-20200601-WA0098-1000x563.webp 1000w, https:\/\/www.ag-yachtlogistic.com\/cms\/wp-content\/uploads\/2025\/04\/IMG-20200601-WA0098-230x130.webp 230w, https:\/\/www.ag-yachtlogistic.com\/cms\/wp-content\/uploads\/2025\/04\/IMG-20200601-WA0098-350x197.webp 350w, https:\/\/www.ag-yachtlogistic.com\/cms\/wp-content\/uploads\/2025\/04\/IMG-20200601-WA0098-480x270.webp 480w, https:\/\/www.ag-yachtlogistic.com\/cms\/wp-content\/uploads\/2025\/04\/IMG-20200601-WA0098.webp 1600w\" sizes=\"auto, (max-width: 1024px) 100vw, 1024px\" \/><\/figure>\n<\/div>\n<\/div>\n","protected":false},"excerpt":{"rendered":"<p>AG Yachtlogistic bietet professionelle Dienstleistungen im Bereich internationaler \u00dcberf\u00fchrungen, Logistik und technischer Inspektionen f\u00fcr Yachten und Boote. Mit umfassendem Know-how und einem [&hellip;]<\/p>\n","protected":false},"author":1,"featured_media":0,"parent":0,"menu_order":0,"comment_status":"closed","ping_status":"closed","template":"","meta":{"_eb_attr":"","footnotes":""},"class_list":["post-743","page","type-page","status-publish","hentry"],"_links":{"self":[{"href":"https:\/\/www.ag-yachtlogistic.com\/cms\/wp-json\/wp\/v2\/pages\/743","targetHints":{"allow":["GET"]}}],"collection":[{"href":"https:\/\/www.ag-yachtlogistic.com\/cms\/wp-json\/wp\/v2\/pages"}],"about":[{"href":"https:\/\/www.ag-yachtlogistic.com\/cms\/wp-json\/wp\/v2\/types\/page"}],"author":[{"embeddable":true,"href":"https:\/\/www.ag-yachtlogistic.com\/cms\/wp-json\/wp\/v2\/users\/1"}],"replies":[{"embeddable":true,"href":"https:\/\/www.ag-yachtlogistic.com\/cms\/wp-json\/wp\/v2\/comments?post=743"}],"version-history":[{"count":5,"href":"https:\/\/www.ag-yachtlogistic.com\/cms\/wp-json\/wp\/v2\/pages\/743\/revisions"}],"predecessor-version":[{"id":753,"href":"https:\/\/www.ag-yachtlogistic.com\/cms\/wp-json\/wp\/v2\/pages\/743\/revisions\/753"}],"wp:attachment":[{"href":"https:\/\/www.ag-yachtlogistic.com\/cms\/wp-json\/wp\/v2\/media?parent=743"}],"curies":[{"name":"wp","href":"https:\/\/api.w.org\/{rel}","templated":true}]}}